{"id":506,"date":"2022-11-16T10:46:31","date_gmt":"2022-11-16T18:46:31","guid":{"rendered":"http:\/\/nlpyata.mysites.io\/servicios\/sesiones\/"},"modified":"2025-02-05T15:55:37","modified_gmt":"2025-02-05T23:55:37","slug":"sesiones","status":"publish","type":"page","link":"https:\/\/nlp-yata.com\/es\/sesiones\/","title":{"rendered":"Sesiones"},"content":{"rendered":"<p><div class=\"fusion-fullwidth fullwidth-box fusion-builder-row-1 fusion-flex-container nonhundred-percent-fullwidth non-hundred-percent-height-scrolling\" style=\"--awb-border-radius-top-left:0px;--awb-border-radius-top-right:0px;--awb-border-radius-bottom-right:0px;--awb-border-radius-bottom-left:0px;--awb-flex-wrap:wrap;\" ><div class=\"fusion-builder-row fusion-row fusion-flex-align-items-flex-start fusion-flex-justify-content-center fusion-flex-content-wrap\" style=\"max-width:1248px;margin-left: calc(-4% \/ 2 );margin-right: calc(-4% \/ 2 );\"><div class=\"fusion-layout-column fusion_builder_column fusion-builder-column-0 fusion_builder_column_1_2 1_2 fusion-flex-column\" style=\"--awb-bg-blend:overlay;--awb-bg-size:cover;--awb-width-large:50%;--awb-margin-top-large:-90px;--awb-spacing-right-large:3.84%;--awb-margin-bottom-large:0px;--awb-spacing-left-large:3.84%;--awb-width-medium:50%;--awb-spacing-right-medium:3.84%;--awb-spacing-left-medium:3.84%;--awb-width-small:100%;--awb-margin-top-small:30px;--awb-spacing-right-small:1.92%;--awb-spacing-left-small:1.92%;\"><div class=\"fusion-column-wrapper fusion-flex-justify-content-flex-start fusion-content-layout-column\"><div class=\"fusion-video fusion-selfhosted-video\" style=\"max-width:100%;\"><div class=\"video-wrapper\"><video playsinline=\"true\" width=\"100%\" style=\"object-fit: cover;\" autoplay=\"true\" muted=\"true\" loop=\"true\" preload=\"auto\" controls=\"1\"><source src=\"https:\/\/nlp-yata.com\/wp-content\/uploads\/2023\/04\/Paraglide-ESPANOL.mp4\" type=\"video\/mp4\">Sorry, your browser doesn&#039;t support embedded videos.<\/video><\/div><\/div><\/div><\/div><\/div><\/div><div class=\"fusion-fullwidth fullwidth-box fusion-builder-row-2 fusion-flex-container hundred-percent-fullwidth non-hundred-percent-height-scrolling\" style=\"--awb-border-radius-top-left:0px;--awb-border-radius-top-right:0px;--awb-border-radius-bottom-right:0px;--awb-border-radius-bottom-left:0px;--awb-flex-wrap:wrap;\" ><div class=\"fusion-builder-row fusion-row fusion-flex-align-items-flex-start fusion-flex-content-wrap\" style=\"width:104% !important;max-width:104% !important;margin-left: calc(-4% \/ 2 );margin-right: calc(-4% \/ 2 );\"><div class=\"fusion-layout-column fusion_builder_column fusion-builder-column-1 fusion_builder_column_1_1 1_1 fusion-flex-column\" style=\"--awb-bg-size:cover;--awb-width-large:100%;--awb-margin-top-large:0px;--awb-spacing-right-large:1.92%;--awb-margin-bottom-large:20px;--awb-spacing-left-large:1.92%;--awb-width-medium:100%;--awb-order-medium:0;--awb-spacing-right-medium:1.92%;--awb-spacing-left-medium:1.92%;--awb-width-small:100%;--awb-order-small:0;--awb-spacing-right-small:1.92%;--awb-spacing-left-small:1.92%;\"><div class=\"fusion-column-wrapper fusion-column-has-shadow fusion-flex-justify-content-flex-start fusion-content-layout-column\"><div class=\"fusion-content-boxes content-boxes columns row fusion-columns-3 fusion-columns-total-3 fusion-content-boxes-1 content-boxes-clean-vertical content-left content-boxes-icon-on-top\" style=\"--awb-hover-accent-color:var(--awb-color4);--awb-circle-hover-accent-color:var(--awb-color4);\" data-animationOffset=\"top-into-view\"><div style=\"--awb-backgroundcolor:rgba(255,255,255,0);border-color:rgba(255,255,255,0);\" class=\"fusion-column content-box-column content-box-column content-box-column-1 col-lg-4 col-md-4 col-sm-4 fusion-content-box-hover content-box-column-first-in-row\"><div class=\"col content-box-wrapper content-wrapper link-area-link-icon link-type-button content-icon-wrapper-yes icon-hover-animation-fade\" data-animationOffset=\"top-into-view\"><div class=\"heading heading-with-icon icon-left\"><a class=\"heading-link\" href=\"https:\/\/app.squarespacescheduling.com\/schedule.php?owner=29145727&amp;appointmentType=46153841\" target=\"_blank\" rel=\"noopener noreferrer\"><div class=\"icon\"><span style=\"height:42px;width:42px;line-height:22px;border-color:rgba(255,255,255,0);border-width:1px;border-style:solid;background-color:var(--awb-color8);box-sizing:content-box;border-radius:50%;\"><i style=\"border-color:var(--awb-color8);border-width:1px;background-color:var(--awb-color7);box-sizing:content-box;height:40px;width:40px;line-height:40px;border-radius:50%;position:relative;top:auto;left:auto;margin:0;border-radius:50%;font-size:20px;\" aria-hidden=\"true\" class=\"fontawesome-icon fa-user-friends fas circle-yes\"><\/i><\/span><\/div><h2 class=\"content-box-heading fusion-responsive-typography-calculated\" style=\"--h2_typography-font-size:24px;--fontSize:24;line-height:var(--awb-typography1-line-height);\">Sesiones individuales<\/h2><\/a><\/div><div class=\"fusion-clearfix\"><\/div><div class=\"content-container\">\n<p>Las sesiones individuales pueden describirse como una exploraci\u00f3n guiada sobre el tema o experiencia que el cliente desea investigar y los resultados que desea crear. Las sesiones se llevan a cabo a trav\u00e9s de Zoom y tienen una duraci\u00f3n de 90 a 120 minutos. Al agendar la sesi\u00f3n recibira el enlace de zoom en tu correo, El costo es de U$ 300\/sesi\u00f3n.<\/p>\n<\/div><div class=\"fusion-clearfix\"><\/div><a class=\"fusion-read-more-button fusion-content-box-button fusion-button button-default fusion-button-default-size button- button-flat\" href=\"https:\/\/app.squarespacescheduling.com\/schedule.php?owner=29145727&amp;appointmentType=46153841\" target=\"_blank\" rel=\"noopener noreferrer\"><span class=\"fusion-button-text\">Agende su sesi\u00f3n<\/span><\/a><div class=\"fusion-clearfix\"><\/div><\/div><\/div><div style=\"--awb-backgroundcolor:rgba(255,255,255,0);border-color:rgba(255,255,255,0);\" class=\"fusion-column content-box-column content-box-column content-box-column-2 col-lg-4 col-md-4 col-sm-4 fusion-content-box-hover \"><div class=\"col content-box-wrapper content-wrapper link-area-link-icon link-type-button content-icon-wrapper-yes icon-hover-animation-fade\" data-animationOffset=\"top-into-view\"><div class=\"heading heading-with-icon icon-left\"><a class=\"heading-link\" href=\"https:\/\/app.squarespacescheduling.com\/schedule.php?owner=29145727&amp;appointmentType=46153834\" target=\"_blank\" rel=\"noopener noreferrer\"><div class=\"icon\"><span style=\"height:42px;width:42px;line-height:22px;border-color:rgba(255,255,255,0);border-width:1px;border-style:solid;background-color:var(--awb-color8);box-sizing:content-box;border-radius:50%;\"><i style=\"border-color:var(--awb-color8);border-width:1px;background-color:var(--awb-color7);box-sizing:content-box;height:40px;width:40px;line-height:40px;border-radius:50%;position:relative;top:auto;left:auto;margin:0;border-radius:50%;font-size:20px;\" aria-hidden=\"true\" class=\"fontawesome-icon fa-user-check fas circle-yes\"><\/i><\/span><\/div><h2 class=\"content-box-heading fusion-responsive-typography-calculated\" style=\"--h2_typography-font-size:24px;--fontSize:24;line-height:var(--awb-typography1-line-height);\">Sesi\u00f3n de Exploraci\u00f3n<\/h2><\/a><\/div><div class=\"fusion-clearfix\"><\/div><div class=\"content-container\">\n<p>Trabajar con un practicante de T-NLP es una inversi\u00f3n de tiempo y dinero. Si no ha tenido la experiencia de trabajar conmigo y tiene curiosidad, agende una sesi\u00f3n de exploraci\u00f3n por 30 minutos. En esta sesi\u00f3n adquirir\u00e1 mayor claridad sobre el tema que quiera abordar; y en el proceso, descubriremos si el trabajar juntos es nuestra mejor opci\u00f3n. La sesi\u00f3n de exploraci\u00f3n es GRATIS. Agenda ahora tu sesi\u00f3n y en breve recibiras el enalce de zoom en tu correo.<\/p>\n<\/div><div class=\"fusion-clearfix\"><\/div><a class=\"fusion-read-more-button fusion-content-box-button fusion-button button-default fusion-button-default-size button- button-flat\" href=\"https:\/\/app.squarespacescheduling.com\/schedule.php?owner=29145727&amp;appointmentType=46153834\" target=\"_blank\" rel=\"noopener noreferrer\"><span class=\"fusion-button-text\">Agende su sesi\u00f3n exploratoria \u00a1GRATIS!<\/span><\/a><div class=\"fusion-clearfix\"><\/div><\/div><\/div><div style=\"--awb-backgroundcolor:rgba(255,255,255,0);border-color:rgba(255,255,255,0);\" class=\"fusion-column content-box-column content-box-column content-box-column-3 col-lg-4 col-md-4 col-sm-4 fusion-content-box-hover content-box-column-last content-box-column-last-in-row\"><div class=\"col content-box-wrapper content-wrapper link-area-link-icon content-icon-wrapper-yes icon-hover-animation-fade\" data-animationOffset=\"top-into-view\"><div class=\"heading heading-with-icon icon-left\"><div class=\"icon\"><span style=\"height:42px;width:42px;line-height:22px;border-color:rgba(255,255,255,0);border-width:1px;border-style:solid;background-color:var(--awb-color8);box-sizing:content-box;border-radius:50%;\"><i style=\"border-color:var(--awb-color8);border-width:1px;background-color:var(--awb-color7);box-sizing:content-box;height:40px;width:40px;line-height:40px;border-radius:50%;position:relative;top:auto;left:auto;margin:0;border-radius:50%;font-size:20px;\" aria-hidden=\"true\" class=\"fontawesome-icon fa-calendar-alt fas circle-yes\"><\/i><\/span><\/div><h2 class=\"content-box-heading fusion-responsive-typography-calculated\" style=\"--h2_typography-font-size:24px;--fontSize:24;line-height:var(--awb-typography1-line-height);\">Paquetes de sesiones<\/h2><\/div><div class=\"fusion-clearfix\"><\/div><div class=\"content-container\">\n<p>Tiene inter\u00e9s en trabajar conmigo en forma regular? Ahorre adquiriendo un paquete de sesiones.<\/p>\n<p>Paquete de 3 sesiones U$ 750.<\/p>\n<p>Paquete de 6 sesiones U$ 1,300.<\/p>\n<p>Adquiera su paquete agendando su primera sesi\u00f3n. A la brevedad recibira dos correos, uno con el enlace para la primera sesi\u00f3n y otro con el c\u00f3digo personalizado para agendar las sesiones restantes.<\/p>\n<p>NOTA: Las sesiones adquiridas en paquete de 3 sesiones <span style=\"text-decoration: underline;\">deben<\/span> agendarse en los siguientes 3 meses, y las sesiones adquiridas en paquete de 6 sesiones <span style=\"text-decoration: underline;\">deben<\/span> agendarse en 6 meses a su adquisici\u00f3n.<\/p>\n<div ><a class=\"fusion-button button-flat fusion-button-default-size button-default fusion-button-default button-1 fusion-button-default-span fusion-button-default-type\" target=\"_self\" href=\"https:\/\/app.acuityscheduling.com\/schedule.php?owner=29145727&amp;appointmentType=51920659\"><span class=\"fusion-button-text awb-button__text awb-button__text--default\">Paquete de 3 Sesiones <\/span><\/a><\/div><div class=\"fusion-separator fusion-full-width-sep\" style=\"align-self: center;margin-left: auto;margin-right: auto;margin-top:10px;margin-bottom:10px;width:100%;\"><\/div>\n<div ><a class=\"fusion-button button-flat fusion-button-default-size button-default fusion-button-default button-2 fusion-button-default-span fusion-button-default-type\" target=\"_self\" href=\"https:\/\/app.acuityscheduling.com\/schedule.php?owner=29145727&amp;appointmentType=51920727\"><span class=\"fusion-button-text awb-button__text awb-button__text--default\">Paquete de 6 Sesiones <\/span><\/a><\/div><div class=\"fusion-separator fusion-full-width-sep\" style=\"align-self: center;margin-left: auto;margin-right: auto;margin-top:10px;margin-bottom:10px;width:100%;\"><\/div>\n<\/div><\/div><\/div><div class=\"fusion-clearfix\"><\/div><\/div><\/div><\/div><\/div><\/div><div class=\"fusion-fullwidth fullwidth-box fusion-builder-row-3 fusion-flex-container has-pattern-background has-mask-background nonhundred-percent-fullwidth non-hundred-percent-height-scrolling\" style=\"--awb-border-radius-top-left:0px;--awb-border-radius-top-right:0px;--awb-border-radius-bottom-right:0px;--awb-border-radius-bottom-left:0px;--awb-flex-wrap:wrap;\" ><div class=\"fusion-builder-row fusion-row fusion-flex-align-items-flex-start fusion-flex-content-wrap\" style=\"max-width:1248px;margin-left: calc(-4% \/ 2 );margin-right: calc(-4% \/ 2 );\"><div class=\"fusion-layout-column fusion_builder_column fusion-builder-column-2 fusion_builder_column_1_1 1_1 fusion-flex-column\" style=\"--awb-bg-size:cover;--awb-width-large:100%;--awb-margin-top-large:0px;--awb-spacing-right-large:1.92%;--awb-margin-bottom-large:20px;--awb-spacing-left-large:1.92%;--awb-width-medium:100%;--awb-order-medium:0;--awb-spacing-right-medium:1.92%;--awb-spacing-left-medium:1.92%;--awb-width-small:100%;--awb-order-small:0;--awb-spacing-right-small:1.92%;--awb-spacing-left-small:1.92%;\"><div class=\"fusion-column-wrapper fusion-column-has-shadow fusion-flex-justify-content-flex-start fusion-content-layout-column\"><div class=\"fusion-text fusion-text-1\" style=\"--awb-font-size:10px;--awb-line-height:var(--awb-typography5-line-height);\"><p>En NLP-Yat\u00e1 nuestro objetivo es el facilitar que nuestros clientes desarrollen una mayor flexibilidad conductual con el prop\u00f3sito de fomentar una relaci\u00f3n m\u00e1s congruente consigo mismos y sus metas. A pesar de que la PNL-T se basa en m\u00faltiples conceptos psicol\u00f3gicos, los servicios prestados como practicante de PNL-T <em>no son asesoramiento psicol\u00f3gico<\/em>. \u00a0Seg\u00fan lo dispuesto en el proyecto de Ley SB 577 de California (2002), el cual cubre a los profesionales de la salud complementaria y alternativa, se proporciona la siguiente informaci\u00f3n: \u00ab\u00c1lvaro Dom\u00ednguez no est\u00e1 licenciado como practicante de artes curativas en el Estado de California \u00ab.<\/p>\n<\/div><\/div><\/div><\/div><\/div><\/p>\n","protected":false},"excerpt":{"rendered":"","protected":false},"author":4,"featured_media":0,"parent":0,"menu_order":3,"comment_status":"closed","ping_status":"closed","template":"100-width.php","meta":{"footnotes":""},"class_list":["post-506","page","type-page","status-publish","hentry"],"yoast_head":"<!-- This site is optimized with the Yoast SEO plugin v27.3 - https:\/\/yoast.com\/product\/yoast-seo-wordpress\/ -->\n<title>Sesiones - NLP Yata<\/title>\n<meta name=\"robots\" content=\"index, follow, max-snippet:-1, max-image-preview:large, max-video-preview:-1\" \/>\n<link rel=\"canonical\" href=\"https:\/\/nlp-yata.com\/es\/sesiones\/\" \/>\n<meta property=\"og:locale\" content=\"es_ES\" \/>\n<meta property=\"og:type\" content=\"article\" \/>\n<meta property=\"og:title\" content=\"Sesiones - NLP Yata\" \/>\n<meta property=\"og:url\" content=\"https:\/\/nlp-yata.com\/es\/sesiones\/\" \/>\n<meta property=\"og:site_name\" content=\"NLP Yata\" \/>\n<meta property=\"article:modified_time\" content=\"2025-02-05T23:55:37+00:00\" \/>\n<meta name=\"twitter:card\" content=\"summary_large_image\" \/>\n<meta name=\"twitter:label1\" content=\"Tiempo de lectura\" \/>\n\t<meta name=\"twitter:data1\" content=\"2 minutos\" \/>\n<script type=\"application\/ld+json\" class=\"yoast-schema-graph\">{\"@context\":\"https:\\\/\\\/schema.org\",\"@graph\":[{\"@type\":\"WebPage\",\"@id\":\"https:\\\/\\\/nlp-yata.com\\\/es\\\/sesiones\\\/\",\"url\":\"https:\\\/\\\/nlp-yata.com\\\/es\\\/sesiones\\\/\",\"name\":\"Sesiones - NLP Yata\",\"isPartOf\":{\"@id\":\"https:\\\/\\\/nlp-yata.com\\\/#website\"},\"datePublished\":\"2022-11-16T18:46:31+00:00\",\"dateModified\":\"2025-02-05T23:55:37+00:00\",\"breadcrumb\":{\"@id\":\"https:\\\/\\\/nlp-yata.com\\\/es\\\/sesiones\\\/#breadcrumb\"},\"inLanguage\":\"es\",\"potentialAction\":[{\"@type\":\"ReadAction\",\"target\":[\"https:\\\/\\\/nlp-yata.com\\\/es\\\/sesiones\\\/\"]}]},{\"@type\":\"BreadcrumbList\",\"@id\":\"https:\\\/\\\/nlp-yata.com\\\/es\\\/sesiones\\\/#breadcrumb\",\"itemListElement\":[{\"@type\":\"ListItem\",\"position\":1,\"name\":\"Home\",\"item\":\"https:\\\/\\\/nlp-yata.com\\\/es\\\/\"},{\"@type\":\"ListItem\",\"position\":2,\"name\":\"Sesiones\"}]},{\"@type\":\"WebSite\",\"@id\":\"https:\\\/\\\/nlp-yata.com\\\/#website\",\"url\":\"https:\\\/\\\/nlp-yata.com\\\/\",\"name\":\"NLP Yata\",\"description\":\"Neurolinguistic Programming Coaching with \u00c1lvaro Dom\u00ednguez\",\"potentialAction\":[{\"@type\":\"SearchAction\",\"target\":{\"@type\":\"EntryPoint\",\"urlTemplate\":\"https:\\\/\\\/nlp-yata.com\\\/?s={search_term_string}\"},\"query-input\":{\"@type\":\"PropertyValueSpecification\",\"valueRequired\":true,\"valueName\":\"search_term_string\"}}],\"inLanguage\":\"es\"}]}<\/script>\n<!-- \/ Yoast SEO plugin. -->","yoast_head_json":{"title":"Sesiones - NLP Yata","robots":{"index":"index","follow":"follow","max-snippet":"max-snippet:-1","max-image-preview":"max-image-preview:large","max-video-preview":"max-video-preview:-1"},"canonical":"https:\/\/nlp-yata.com\/es\/sesiones\/","og_locale":"es_ES","og_type":"article","og_title":"Sesiones - NLP Yata","og_url":"https:\/\/nlp-yata.com\/es\/sesiones\/","og_site_name":"NLP Yata","article_modified_time":"2025-02-05T23:55:37+00:00","twitter_card":"summary_large_image","twitter_misc":{"Tiempo de lectura":"2 minutos"},"schema":{"@context":"https:\/\/schema.org","@graph":[{"@type":"WebPage","@id":"https:\/\/nlp-yata.com\/es\/sesiones\/","url":"https:\/\/nlp-yata.com\/es\/sesiones\/","name":"Sesiones - NLP Yata","isPartOf":{"@id":"https:\/\/nlp-yata.com\/#website"},"datePublished":"2022-11-16T18:46:31+00:00","dateModified":"2025-02-05T23:55:37+00:00","breadcrumb":{"@id":"https:\/\/nlp-yata.com\/es\/sesiones\/#breadcrumb"},"inLanguage":"es","potentialAction":[{"@type":"ReadAction","target":["https:\/\/nlp-yata.com\/es\/sesiones\/"]}]},{"@type":"BreadcrumbList","@id":"https:\/\/nlp-yata.com\/es\/sesiones\/#breadcrumb","itemListElement":[{"@type":"ListItem","position":1,"name":"Home","item":"https:\/\/nlp-yata.com\/es\/"},{"@type":"ListItem","position":2,"name":"Sesiones"}]},{"@type":"WebSite","@id":"https:\/\/nlp-yata.com\/#website","url":"https:\/\/nlp-yata.com\/","name":"NLP Yata","description":"Neurolinguistic Programming Coaching with \u00c1lvaro Dom\u00ednguez","potentialAction":[{"@type":"SearchAction","target":{"@type":"EntryPoint","urlTemplate":"https:\/\/nlp-yata.com\/?s={search_term_string}"},"query-input":{"@type":"PropertyValueSpecification","valueRequired":true,"valueName":"search_term_string"}}],"inLanguage":"es"}]}},"jetpack_sharing_enabled":true,"_links":{"self":[{"href":"https:\/\/nlp-yata.com\/es\/wp-json\/wp\/v2\/pages\/506","targetHints":{"allow":["GET"]}}],"collection":[{"href":"https:\/\/nlp-yata.com\/es\/wp-json\/wp\/v2\/pages"}],"about":[{"href":"https:\/\/nlp-yata.com\/es\/wp-json\/wp\/v2\/types\/page"}],"author":[{"embeddable":true,"href":"https:\/\/nlp-yata.com\/es\/wp-json\/wp\/v2\/users\/4"}],"replies":[{"embeddable":true,"href":"https:\/\/nlp-yata.com\/es\/wp-json\/wp\/v2\/comments?post=506"}],"version-history":[{"count":3,"href":"https:\/\/nlp-yata.com\/es\/wp-json\/wp\/v2\/pages\/506\/revisions"}],"predecessor-version":[{"id":2804,"href":"https:\/\/nlp-yata.com\/es\/wp-json\/wp\/v2\/pages\/506\/revisions\/2804"}],"wp:attachment":[{"href":"https:\/\/nlp-yata.com\/es\/wp-json\/wp\/v2\/media?parent=506"}],"curies":[{"name":"wp","href":"https:\/\/api.w.org\/{rel}","templated":true}]}}